{"id":128,"date":"2018-10-24T07:01:15","date_gmt":"2018-10-24T07:01:15","guid":{"rendered":"https:\/\/masmundomaspaismasinclusion.org\/home\/?page_id=128"},"modified":"2018-10-26T06:10:38","modified_gmt":"2018-10-26T06:10:38","slug":"contacto","status":"publish","type":"page","link":"https:\/\/masmundomaspaismasinclusion.org\/home\/contacto\/","title":{"rendered":"Contacto"},"content":{"rendered":"<p>[vc_row][vc_column css=\u00bb.vc_custom_1475633812479{padding-right: 80px !important;}\u00bb el_class=\u00bbno-padding-xs\u00bb][vc_empty_space height=\u00bb50px\u00bb][vc_text_separator title=\u00bbNUESTRA FUNDACI\u00d3N\u00bb color=\u00bbcustom\u00bb border_width=\u00bb2&#8243;][vc_column_text]<\/p>\n<p style=\"text-align: center;\">Un pedacito de amor, son bonos de apoyo econ\u00f3mico a la conservaci\u00f3n del agua el azul. Bono verde el apoyo en siembra de \u00e1rboles en reforestaci\u00f3n e implementaci\u00f3n de huertas, bono rojo es el apoyo a salud f\u00edsica, mental, apoyo en alimentos y especies a familias y organizaciones benefactoras de nuestra fundaci\u00f3n, el bono dorado amarillo es el apoyo a programas de infra estructura completo de barrios con centros hospitalarios, zonas deportivas, vivienda, unidades productivas, salas cunas, instituciones educativas y capacitaci\u00f3n para el empleo entre otras<\/p>\n<p>[\/vc_column_text][vc_empty_space height=\u00bb50px\u00bb][\/vc_column][\/vc_row][vc_row][vc_column width=\u00bb1\/2&#8243;][vc_text_separator title=\u00bbFORMULARIO DE CONTACTO\u00bb color=\u00bbcustom\u00bb border_width=\u00bb2&#8243;][vc_column_text]<div role=\"form\" class=\"wpcf7\" id=\"wpcf7-f9-o1\" lang=\"es-ES\" dir=\"ltr\">\n<div class=\"screen-reader-response\"><\/div>\n<form action=\"\/home\/wp-json\/wp\/v2\/pages\/128#wpcf7-f9-o1\" method=\"post\" class=\"wpcf7-form\" novalidate=\"novalidate\">\n<div style=\"display: none;\">\n<input type=\"hidden\" name=\"_wpcf7\" value=\"9\" \/>\n<input type=\"hidden\" name=\"_wpcf7_version\" value=\"5.1.1\" \/>\n<input type=\"hidden\" name=\"_wpcf7_locale\" value=\"es_ES\" \/>\n<input type=\"hidden\" name=\"_wpcf7_unit_tag\" value=\"wpcf7-f9-o1\" \/>\n<input type=\"hidden\" name=\"_wpcf7_container_post\" value=\"0\" \/>\n<input type=\"hidden\" name=\"g-recaptcha-response\" value=\"\" \/>\n<\/div>\n<p><label> Tu nombre (requerido)<br \/>\n    <span class=\"wpcf7-form-control-wrap your-name\"><input type=\"text\" name=\"your-name\" value=\"\" size=\"40\" class=\"wpcf7-form-control wpcf7-text wpcf7-validates-as-required\" aria-required=\"true\" aria-invalid=\"false\" \/><\/span> <\/label><\/p>\n<p><label> Tu correo electr\u00f3nico (requerido)<br \/>\n    <span class=\"wpcf7-form-control-wrap your-email\"><input type=\"email\" name=\"your-email\" value=\"\" size=\"40\" class=\"wpcf7-form-control wpcf7-text wpcf7-email wpcf7-validates-as-required wpcf7-validates-as-email\" aria-required=\"true\" aria-invalid=\"false\" \/><\/span> <\/label><\/p>\n<p><label> Asunto<br \/>\n    <span class=\"wpcf7-form-control-wrap your-subject\"><input type=\"text\" name=\"your-subject\" value=\"\" size=\"40\" class=\"wpcf7-form-control wpcf7-text\" aria-invalid=\"false\" \/><\/span> <\/label><\/p>\n<p><label> Tu mensaje<br \/>\n    <span class=\"wpcf7-form-control-wrap your-message\"><textarea name=\"your-message\" cols=\"40\" rows=\"10\" class=\"wpcf7-form-control wpcf7-textarea\" aria-invalid=\"false\"><\/textarea><\/span> <\/label><\/p>\n<p><input type=\"submit\" value=\"Enviar\" class=\"wpcf7-form-control wpcf7-submit\" \/><\/p>\n<div class=\"wpcf7-response-output wpcf7-display-none\"><\/div><\/form><\/div>[\/vc_column_text][\/vc_column][vc_column width=\u00bb1\/2&#8243;][vc_text_separator title=\u00bbNUESTRA SEDE\u00bb color=\u00bbcustom\u00bb border_width=\u00bb2&#8243;][vc_column_text]Direcci\u00f3n: Av. Calle 22 No 40 &#8211; 37 Piso 3<br \/>\nCelular: + (57) 315 228 6423<br \/>\nE-mail: contacto@masmundomaspaismasinclusion.org<br \/>\nWeb: masmundomaspaismasinclusion@gmail.com<\/p>\n<p>[\/vc_column_text][vc_empty_space height=\u00bb30px\u00bb][vc_text_separator title=\u00bbNUESTRA UBICACI\u00d3N\u00bb color=\u00bbcustom\u00bb border_width=\u00bb2&#8243;][vc_column_text]<iframe loading=\"lazy\" style=\"border: 0;\" src=\"https:\/\/www.google.com\/maps\/embed?pb=!1m18!1m12!1m3!1d3976.800963963876!2d-74.09779898599331!3d4.629569596636887!2m3!1f0!2f0!3f0!3m2!1i1024!2i768!4f13.1!3m3!1m2!1s0x8e3f9bdf26e5b159%3A0xdf642fc7409d5d14!2sALBERT+DUVAN+MU\u00d1OZ+MARULANDA!5e0!3m2!1ses!2sco!4v1540533947561\" width=\"420\" height=\"250\" frameborder=\"0\" allowfullscreen=\"allowfullscreen\"><\/iframe>[\/vc_column_text][\/vc_column][\/vc_row][vc_row][vc_column css=\u00bb.vc_custom_1475633812479{padding-right: 80px !important;}\u00bb el_class=\u00bbno-padding-xs\u00bb][vc_empty_space height=\u00bb30px\u00bb][\/vc_column][\/vc_row]<\/p>\n","protected":false},"excerpt":{"rendered":"<p>[vc_row][vc_column css=\u00bb.vc_custom_1475633812479{padding-right: 80px !important;}\u00bb el_class=\u00bbno-padding-xs\u00bb][vc_empty_space height=\u00bb50px\u00bb][vc_text_separator title=\u00bbNUESTRA FUNDACI\u00d3N\u00bb color=\u00bbcustom\u00bb border_width=\u00bb2&#8243;][vc_column_text] Un pedacito de amor, son bonos de apoyo econ\u00f3mico a la conservaci\u00f3n del agua el azul. Bono verde el apoyo en siembra de \u00e1rboles en reforestaci\u00f3n e implementaci\u00f3n de huertas, bono rojo es el apoyo a salud f\u00edsica, mental, apoyo en alimentos y especies a familias y organizaciones benefactoras de nuestra fundaci\u00f3n, el bono dorado amarillo es el apoyo a programas de infra estructura completo de barrios con centros hospitalarios, zonas deportivas, vivienda, unidades productivas, salas cunas, instituciones educativas y capacitaci\u00f3n para el empleo entre otras [\/vc_column_text][vc_empty_space height=\u00bb50px\u00bb][\/vc_column][\/vc_row][vc_row][vc_column width=\u00bb1\/2&#8243;][vc_text_separator title=\u00bbFORMULARIO DE CONTACTO\u00bb color=\u00bbcustom\u00bb border_width=\u00bb2&#8243;][vc_column_text][\/vc_column_text][\/vc_column][vc_column width=\u00bb1\/2&#8243;][vc_text_separator title=\u00bbNUESTRA SEDE\u00bb color=\u00bbcustom\u00bb border_width=\u00bb2&#8243;][vc_column_text]Direcci\u00f3n: Av. Calle 22 No 40 &#8211; 37 Piso 3 Celular: + (57) 315 228 6423 E-mail: contacto@masmundomaspaismasinclusion.org Web: masmundomaspaismasinclusion@gmail.com [\/vc_column_text][vc_empty_space height=\u00bb30px\u00bb][vc_text_separator title=\u00bbNUESTRA UBICACI\u00d3N\u00bb color=\u00bbcustom\u00bb border_width=\u00bb2&#8243;][vc_column_text][\/vc_column_text][\/vc_column][\/vc_row][vc_row][vc_column css=\u00bb.vc_custom_1475633812479{padding-right: 80px !important;}\u00bb el_class=\u00bbno-padding-xs\u00bb][vc_empty_space height=\u00bb30px\u00bb][\/vc_column][\/vc_row]<\/p>\n","protected":false},"author":1,"featured_media":0,"parent":0,"menu_order":0,"comment_status":"closed","ping_status":"closed","template":"","meta":{"footnotes":""},"class_list":["post-128","page","type-page","status-publish","hentry"],"_links":{"self":[{"href":"https:\/\/masmundomaspaismasinclusion.org\/home\/wp-json\/wp\/v2\/pages\/128","targetHints":{"allow":["GET"]}}],"collection":[{"href":"https:\/\/masmundomaspaismasinclusion.org\/home\/wp-json\/wp\/v2\/pages"}],"about":[{"href":"https:\/\/masmundomaspaismasinclusion.org\/home\/wp-json\/wp\/v2\/types\/page"}],"author":[{"embeddable":true,"href":"https:\/\/masmundomaspaismasinclusion.org\/home\/wp-json\/wp\/v2\/users\/1"}],"replies":[{"embeddable":true,"href":"https:\/\/masmundomaspaismasinclusion.org\/home\/wp-json\/wp\/v2\/comments?post=128"}],"version-history":[{"count":8,"href":"https:\/\/masmundomaspaismasinclusion.org\/home\/wp-json\/wp\/v2\/pages\/128\/revisions"}],"predecessor-version":[{"id":150,"href":"https:\/\/masmundomaspaismasinclusion.org\/home\/wp-json\/wp\/v2\/pages\/128\/revisions\/150"}],"wp:attachment":[{"href":"https:\/\/masmundomaspaismasinclusion.org\/home\/wp-json\/wp\/v2\/media?parent=128"}],"curies":[{"name":"wp","href":"https:\/\/api.w.org\/{rel}","templated":true}]}}